{"id":386,"date":"2015-03-01T19:17:55","date_gmt":"2015-03-01T19:17:55","guid":{"rendered":"http:\/\/demo.cmssuperheroes.com\/themeforest\/wp-spectrum-joinery\/?page_id=386"},"modified":"2020-09-28T20:33:25","modified_gmt":"2020-09-28T20:33:25","slug":"calidad-y-servicio","status":"publish","type":"page","link":"https:\/\/envasesaguila.cl\/web\/calidad-y-servicio\/","title":{"rendered":"Calidad y Servicio"},"content":{"rendered":"<p>[vc_row type=&#8221;ww-custom&#8221; engle_position=&#8221;engle-top-right&#8221; height_engle=&#8221;250px&#8221; engle_color=&#8221;#f5f5f5&#8243; engle_position_duplicate=&#8221;engle-bottom-right&#8221; engle_uplicated_height=&#8221;250px&#8221; engle_duplicated_color=&#8221;#ffffff&#8221; parallax_speed=&#8221;0.6&#8243; bg_video_color=&#8221;#000000&#8243; bg_video_transparent=&#8221;0.8&#8243; css=&#8221;.vc_custom_1425237101826{padding-top: 0px !important;padding-bottom: 70px !important;}&#8221;][vc_column][vc_separator color=&#8221;custom&#8221; align=&#8221;center&#8221; border_width=&#8221;4&#8243; el_width=&#8221;50&#8243; custom_sparator_width=&#8221;75px&#8221; accent_color=&#8221;#f1c00a&#8221;][vc_empty_space height=&#8221;30px&#8221;][vc_column_text]<\/p>\n<p style=\"text-align: center;\">La calidad y el servicio es el pilar fundamental de nuestra empresa, se inicia con la adecuada selecci\u00f3n de las mejores materias primas, se procesan por nuestro experto equipo de trabajo y concluye con la calidad en la entrega.<\/p>\n<p>[\/vc_column_text][\/vc_column][\/vc_row][vc_row full_width=&#8221;true&#8221; type=&#8221;ww-custom&#8221; engle_position_style2=&#8221;engle-top-style2&#8243; engle_color_style2=&#8221;#ffffff&#8221; enable_parallax=&#8221;false&#8221; parallax_speed=&#8221;0.7&#8243; disable_parallax_mobile=&#8221;false&#8221; css=&#8221;.vc_custom_1454027196471{background-color: #f5f5f5 !important;background-position: center !important;background-repeat: no-repeat !important;background-size: cover !important;}&#8221;][vc_column width=&#8221;1\/2&#8243; offset=&#8221;vc_col-lg-6 vc_hidden-md vc_hidden-sm vc_hidden-xs&#8221;][vc_images_carousel images=&#8221;2100, 2101&#8243; img_size=&#8221;full&#8221; autoplay=&#8221;yes&#8221; wrap=&#8221;yes&#8221;][\/vc_column][vc_column css=&#8221;.vc_custom_1454027283903{padding-top: 30px !important;padding-right: 70px !important;padding-bottom: 30px !important;padding-left:70px !important;line-height: 28px;font-size: 14px;}&#8221; offset=&#8221;vc_col-lg-6 vc_col-md-12 vc_col-xs-12&#8243;][vc_custom_heading text=&#8221;Pol\u00edtica de Calidad&#8221; font_container=&#8221;tag:h2|font_size:22px|text_align:left|color:%23222222|line_height:26px&#8221; google_fonts=&#8221;font_family:Raleway%3A100%2C200%2C300%2Cregular%2C500%2C600%2C700%2C800%2C900|font_style:700%20bold%20regular%3A700%3Anormal&#8221;][vc_separator color=&#8221;custom&#8221; border_width=&#8221;4&#8243; el_width=&#8221;50&#8243; custom_sparator_width=&#8221;75px&#8221; accent_color=&#8221;#f1c00a&#8221;][vc_empty_space height=&#8221;70px&#8221;][vc_column_text]Consideramos el compromiso con la calidad de nuestros procesos, productos y servicios, un pilar estrat\u00e9gico esencial de la actividad, incorporando a todos los colaboradores de la compa\u00f1\u00eda a la tarea de satisfacer las expectativas de nuestros clientes tanto internos como externos, de acuerdo a los est\u00e1ndares previamente establecidos, entregando productos de calidad, en un entorno seguro, dando cumplimiento a la normativa legal vigente y con el debido cuidado del medioambiente.[\/vc_column_text][\/vc_column][\/vc_row][vc_row full_width=&#8221;true&#8221; type=&#8221;ww-custom&#8221; engle_position_style2=&#8221;engle-top-style2&#8243; engle_color_style2=&#8221;#ffffff&#8221; enable_parallax=&#8221;false&#8221; parallax_speed=&#8221;0.7&#8243; disable_parallax_mobile=&#8221;false&#8221; css=&#8221;.vc_custom_1454027196471{background-color: #f5f5f5 !important;background-position: center !important;background-repeat: no-repeat !important;background-size: cover !important;}&#8221;][vc_column width=&#8221;1\/2&#8243; offset=&#8221;vc_col-lg-6 vc_hidden-md vc_hidden-sm vc_hidden-xs&#8221;][vc_column_text css=&#8221;.vc_custom_1601318194001{padding-top: 70px !important;padding-right: 70px !important;padding-left: 70px !important;}&#8221;]Nuestra estrategia se orienta al mejoramiento continuo de nuestros procesos y productos basados en nuestro sistema de gesti\u00f3n de calidad, a la excelencia en el trabajo de nuestros colaboradores y al logro de una adecuada rentabilidad econ\u00f3mica que haga a la compa\u00f1\u00eda sustentable y permita proyectar su crecimiento en el tiempo.<\/p>\n<p>Para lograr estos objetivos, promovemos la incorporaci\u00f3n de nuevas tecnolog\u00edas, el desarrollo de las competencias de nuestro personal mediante una gesti\u00f3n de recursos humanos que priorice la permanente capacitaci\u00f3n y la seguridad industrial y una relaci\u00f3n estrecha con nuestros clientes y proveedores que permita un mutuo desarrollo y beneficio.[\/vc_column_text][\/vc_column][vc_column offset=&#8221;vc_col-lg-6 vc_col-md-12 vc_col-xs-12&#8243;][vc_images_carousel images=&#8221;2102&#8243; img_size=&#8221;full&#8221; autoplay=&#8221;yes&#8221; wrap=&#8221;yes&#8221;][\/vc_column][\/vc_row][vc_row full_width=&#8221;true&#8221; type=&#8221;ww-custom&#8221; engle_position_style2=&#8221;engle-top-style2&#8243; engle_color_style2=&#8221;#ffffff&#8221; enable_parallax=&#8221;false&#8221; parallax_speed=&#8221;0.7&#8243; disable_parallax_mobile=&#8221;false&#8221; css=&#8221;.vc_custom_1454027196471{background-color: #f5f5f5 !important;background-position: center !important;background-repeat: no-repeat !important;background-size: cover !important;}&#8221;][vc_column width=&#8221;1\/2&#8243; offset=&#8221;vc_col-lg-6 vc_hidden-md vc_hidden-sm vc_hidden-xs&#8221;][vc_images_carousel images=&#8221;2201&#8243; img_size=&#8221;full&#8221; autoplay=&#8221;yes&#8221; wrap=&#8221;yes&#8221;][\/vc_column][vc_column css=&#8221;.vc_custom_1454027283903{padding-top: 30px !important;padding-right: 70px !important;padding-bottom: 30px !important;padding-left:70px !important;line-height: 28px;font-size: 14px;}&#8221; offset=&#8221;vc_col-lg-6 vc_col-md-12 vc_col-xs-12&#8243;][vc_custom_heading text=&#8221;Empresa certificada ISO 9001 &#8211; 2015&#8243; font_container=&#8221;tag:h2|font_size:22px|text_align:left|color:%23222222|line_height:26px&#8221; google_fonts=&#8221;font_family:Raleway%3A100%2C200%2C300%2Cregular%2C500%2C600%2C700%2C800%2C900|font_style:700%20bold%20regular%3A700%3Anormal&#8221;][vc_separator color=&#8221;custom&#8221; border_width=&#8221;4&#8243; el_width=&#8221;50&#8243; custom_sparator_width=&#8221;75px&#8221; accent_color=&#8221;#f1c00a&#8221;][vc_empty_space height=&#8221;50px&#8221;][vc_column_text]<\/p>\n<p style=\"text-align: justify;\">A partir del a\u00f1o 2006, nuestra empresa ha logrado obtener la Norma Internacional de Estandarizaci\u00f3n en Gesti\u00f3n de Calidad ISO 9001-2000. El a\u00f1o 2009 fuimos re-certificados y obtuvimos la norma en Gesti\u00f3n de Calidad ISO 9001-2008. A partir del a\u00f1o 2018 fuimos nuevamente re-certificados y logramos obtener la nueva norma en Gesti\u00f3n de Calidad ISO 9001-2015.<\/p>\n<p style=\"text-align: justify;\">Esta norma nos ha llevado durante la \u00faltima d\u00e9cada, a identificar donde debemos realizar las mejoras y como mantener un nivel constante de calidad en cada uno de nuestros procesos.<\/p>\n<p>[\/vc_column_text][\/vc_column][\/vc_row][vc_row css=&#8221;.vc_custom_1424545084928{padding-top: 40px !important;padding-bottom: 40px !important;background-color: #222222 !important;}&#8221;][vc_column][vc_cta_button call_text=&#8221;Tienes un proyecto?&#8221; title=&#8221;CONT\u00c1CTANOS&#8221; call_text_font_size=&#8221;24px&#8221; call_text_color=&#8221;#fff&#8221; href=&#8221;http:\/\/envasesaguila.cl\/web\/contacto\/&#8221;][\/vc_column][\/vc_row][vc_row][\/vc_row][vc_row][\/vc_row][vc_row][\/vc_row][vc_row][\/vc_row]<\/p>\n","protected":false},"excerpt":{"rendered":"<p>[vc_row type=&#8221;ww-custom&#8221; engle_position=&#8221;engle-top-right&#8221; height_engle=&#8221;250px&#8221; engle_color=&#8221;#f5f5f5&#8243; engle_position_duplicate=&#8221;engle-bottom-right&#8221; engle_uplicated_height=&#8221;250px&#8221; engle_duplicated_color=&#8221;#ffffff&#8221; parallax_speed=&#8221;0.6&#8243; bg_video_color=&#8221;#000000&#8243; bg_video_transparent=&#8221;0.8&#8243; css=&#8221;.vc_custom_1425237101826{padding-top: 0px !important;padding-bottom: 70px !important;}&#8221;][vc_column][vc_separator color=&#8221;custom&#8221; align=&#8221;center&#8221; border_width=&#8221;4&#8243; el_width=&#8221;50&#8243; custom_sparator_width=&#8221;75px&#8221; accent_color=&#8221;#f1c00a&#8221;][vc_empty_space height=&#8221;30px&#8221;][vc_column_text] La calidad y el servicio es el pilar fundamental de nuestra empresa, se inicia con la adecuada selecci\u00f3n de las mejores materias primas, se procesan por nuestro experto equipo de trabajo y [&hellip;]<\/p>\n","protected":false},"author":1,"featured_media":0,"parent":0,"menu_order":0,"comment_status":"open","ping_status":"open","template":"","meta":[],"yoast_head":"<!-- This site is optimized with the Yoast SEO plugin v14.9 - https:\/\/yoast.com\/wordpress\/plugins\/seo\/ -->\n<title>Calidad y Servicio - Envases Aguila<\/title>\n<meta name=\"robots\" content=\"index, follow, max-snippet:-1, max-image-preview:large, max-video-preview:-1\" \/>\n<link rel=\"canonical\" href=\"https:\/\/envasesaguila.cl\/web\/calidad-y-servicio\/\" \/>\n<meta property=\"og:locale\" content=\"es_ES\" \/>\n<meta property=\"og:type\" content=\"article\" \/>\n<meta property=\"og:title\" content=\"Calidad y Servicio - Envases Aguila\" \/>\n<meta property=\"og:description\" content=\"[vc_row type=&#8221;ww-custom&#8221; engle_position=&#8221;engle-top-right&#8221; height_engle=&#8221;250px&#8221; engle_color=&#8221;#f5f5f5&#8243; engle_position_duplicate=&#8221;engle-bottom-right&#8221; engle_uplicated_height=&#8221;250px&#8221; engle_duplicated_color=&#8221;#ffffff&#8221; parallax_speed=&#8221;0.6&#8243; bg_video_color=&#8221;#000000&#8243; bg_video_transparent=&#8221;0.8&#8243; css=&#8221;.vc_custom_1425237101826{padding-top: 0px !important;padding-bottom: 70px !important;}&#8221;][vc_column][vc_separator color=&#8221;custom&#8221; align=&#8221;center&#8221; border_width=&#8221;4&#8243; el_width=&#8221;50&#8243; custom_sparator_width=&#8221;75px&#8221; accent_color=&#8221;#f1c00a&#8221;][vc_empty_space height=&#8221;30px&#8221;][vc_column_text] La calidad y el servicio es el pilar fundamental de nuestra empresa, se inicia con la adecuada selecci\u00f3n de las mejores materias primas, se procesan por nuestro experto equipo de trabajo y [&hellip;]\" \/>\n<meta property=\"og:url\" content=\"https:\/\/envasesaguila.cl\/web\/calidad-y-servicio\/\" \/>\n<meta property=\"og:site_name\" content=\"Envases Aguila\" \/>\n<meta property=\"article:modified_time\" content=\"2020-09-28T20:33:25+00:00\" \/>\n<meta name=\"twitter:card\" content=\"summary\" \/>\n<script type=\"application\/ld+json\" class=\"yoast-schema-graph\">{\"@context\":\"https:\/\/schema.org\",\"@graph\":[{\"@type\":\"Organization\",\"@id\":\"https:\/\/envasesaguila.cl\/web\/#organization\",\"name\":\"Envases y Litograf\\u00eda Aguila S.A.\",\"url\":\"https:\/\/envasesaguila.cl\/web\/\",\"sameAs\":[],\"logo\":{\"@type\":\"ImageObject\",\"@id\":\"https:\/\/envasesaguila.cl\/web\/#logo\",\"inLanguage\":\"es\",\"url\":\"https:\/\/envasesaguila.cl\/web\/wp-content\/uploads\/2016\/03\/envases-y-litografia-aguila.png\",\"width\":225,\"height\":60,\"caption\":\"Envases y Litograf\\u00eda Aguila S.A.\"},\"image\":{\"@id\":\"https:\/\/envasesaguila.cl\/web\/#logo\"}},{\"@type\":\"WebSite\",\"@id\":\"https:\/\/envasesaguila.cl\/web\/#website\",\"url\":\"https:\/\/envasesaguila.cl\/web\/\",\"name\":\"Envases Aguila\",\"description\":\"\",\"publisher\":{\"@id\":\"https:\/\/envasesaguila.cl\/web\/#organization\"},\"potentialAction\":[{\"@type\":\"SearchAction\",\"target\":\"https:\/\/envasesaguila.cl\/web\/?s={search_term_string}\",\"query-input\":\"required name=search_term_string\"}],\"inLanguage\":\"es\"},{\"@type\":\"WebPage\",\"@id\":\"https:\/\/envasesaguila.cl\/web\/calidad-y-servicio\/#webpage\",\"url\":\"https:\/\/envasesaguila.cl\/web\/calidad-y-servicio\/\",\"name\":\"Calidad y Servicio - Envases Aguila\",\"isPartOf\":{\"@id\":\"https:\/\/envasesaguila.cl\/web\/#website\"},\"datePublished\":\"2015-03-01T19:17:55+00:00\",\"dateModified\":\"2020-09-28T20:33:25+00:00\",\"inLanguage\":\"es\",\"potentialAction\":[{\"@type\":\"ReadAction\",\"target\":[\"https:\/\/envasesaguila.cl\/web\/calidad-y-servicio\/\"]}]}]}<\/script>\n<!-- \/ Yoast SEO plugin. -->","_links":{"self":[{"href":"https:\/\/envasesaguila.cl\/web\/wp-json\/wp\/v2\/pages\/386"}],"collection":[{"href":"https:\/\/envasesaguila.cl\/web\/wp-json\/wp\/v2\/pages"}],"about":[{"href":"https:\/\/envasesaguila.cl\/web\/wp-json\/wp\/v2\/types\/page"}],"author":[{"embeddable":true,"href":"https:\/\/envasesaguila.cl\/web\/wp-json\/wp\/v2\/users\/1"}],"replies":[{"embeddable":true,"href":"https:\/\/envasesaguila.cl\/web\/wp-json\/wp\/v2\/comments?post=386"}],"version-history":[{"count":59,"href":"https:\/\/envasesaguila.cl\/web\/wp-json\/wp\/v2\/pages\/386\/revisions"}],"predecessor-version":[{"id":2303,"href":"https:\/\/envasesaguila.cl\/web\/wp-json\/wp\/v2\/pages\/386\/revisions\/2303"}],"wp:attachment":[{"href":"https:\/\/envasesaguila.cl\/web\/wp-json\/wp\/v2\/media?parent=386"}],"curies":[{"name":"wp","href":"https:\/\/api.w.org\/{rel}","templated":true}]}}